{"id":90,"date":"2025-11-18T21:27:29","date_gmt":"2025-11-18T21:27:29","guid":{"rendered":"https:\/\/procedo.ba\/?page_id=90"},"modified":"2025-12-16T19:37:39","modified_gmt":"2025-12-16T19:37:39","slug":"misija-i-vizija","status":"publish","type":"page","link":"https:\/\/procedo.ba\/?page_id=90","title":{"rendered":"Misija i vizija"},"content":{"rendered":"\n<p><strong>VIZIJA<\/strong><\/p>\n\n\n\n<p>Na\u0161a vizija je da postanemo lider jugoisto\u010dne Evrope u oblasti proizvodnje alata za obradu drveta, sa potpuno automatizovanim i standardiziranim proizvodnim procesom, koji je prisutan na svim zna\u010dajnijim tr\u017ei\u0161tima u svijetu.<\/p>\n\n\n\n<p><strong>MISIJA<\/strong><\/p>\n\n\n\n<p>Misija Procedo d.o.o. Sarajevo je predstavljanje mogu\u0107nosti rada bh. privrede, kako na doma\u0107em tako i na inostranom tr\u017ei\u0161tu, uz vrhunski proizvod, pove\u0107anje proizvodnje i broja zaposlenih po\u0161tuju\u0107i usvojenu poslovnu politiku u sferi kvaliteta proizvoda i njegove prezentacije.<\/p>\n","protected":false},"excerpt":{"rendered":"<p>VIZIJA Na\u0161a vizija je da postanemo lider jugoisto\u010dne Evrope u oblasti proizvodnje alata za obradu drveta, sa potpuno automatizovanim i standardiziranim proizvodnim procesom, koji je prisutan na svim zna\u010dajnijim tr\u017ei\u0161tima u svijetu. MISIJA Misija Procedo d.o.o. Sarajevo je predstavljanje mogu\u0107nosti rada bh. privrede, kako na doma\u0107em tako i na inostranom [&hellip;]<\/p>\n","protected":false},"author":1,"featured_media":0,"parent":0,"menu_order":0,"comment_status":"closed","ping_status":"closed","template":"","meta":{"footnotes":""},"class_list":["post-90","page","type-page","status-publish","hentry"],"_links":{"self":[{"href":"https:\/\/procedo.ba\/index.php?rest_route=\/wp\/v2\/pages\/90","targetHints":{"allow":["GET"]}}],"collection":[{"href":"https:\/\/procedo.ba\/index.php?rest_route=\/wp\/v2\/pages"}],"about":[{"href":"https:\/\/procedo.ba\/index.php?rest_route=\/wp\/v2\/types\/page"}],"author":[{"embeddable":true,"href":"https:\/\/procedo.ba\/index.php?rest_route=\/wp\/v2\/users\/1"}],"replies":[{"embeddable":true,"href":"https:\/\/procedo.ba\/index.php?rest_route=%2Fwp%2Fv2%2Fcomments&post=90"}],"version-history":[{"count":2,"href":"https:\/\/procedo.ba\/index.php?rest_route=\/wp\/v2\/pages\/90\/revisions"}],"predecessor-version":[{"id":110,"href":"https:\/\/procedo.ba\/index.php?rest_route=\/wp\/v2\/pages\/90\/revisions\/110"}],"wp:attachment":[{"href":"https:\/\/procedo.ba\/index.php?rest_route=%2Fwp%2Fv2%2Fmedia&parent=90"}],"curies":[{"name":"wp","href":"https:\/\/api.w.org\/{rel}","templated":true}]}}