{"id":88,"date":"2025-11-18T21:26:48","date_gmt":"2025-11-18T21:26:48","guid":{"rendered":"https:\/\/procedo.ba\/?page_id=88"},"modified":"2025-12-16T19:40:40","modified_gmt":"2025-12-16T19:40:40","slug":"servis","status":"publish","type":"page","link":"https:\/\/procedo.ba\/?page_id=88","title":{"rendered":"Servis"},"content":{"rendered":"\n<p>Servis za odr\u017eavanje i popravak reznih alata sastavni je dio djelatnosti PROCEDO d. o. o. Sarajevo.<\/p>\n\n\n\n<p>Servisni odjel pored odr\u017eavanja alata PROCEDO proizvodnje jednako uspje\u0161no vr\u0161i servisiranje alata drugih proizvo\u0111a\u010da kao i alata za obradu PVC i aluminija.<\/p>\n\n\n\n<p>Visoka kvaliteta svih usluga garancija je dugom zadovoljstvu korisnika. Pravilno odr\u017eavanje alata, posebno rezne o\u0161trice, direktno se odra\u017eava na tro\u0161kove i ekonomi\u010dnost proizvodnje. Zatupljenost rezne o\u0161trice, uz lo\u0161u obradu i pove\u0107anje potro\u0161nje energije, mo\u017ee dovesti i do loma alata \u0161to nas dovodi do osnovnog pravila u odr\u017eavanju alata koje glasi: Pravovremeno o\u0161triti alat.<\/p>\n\n\n\n<p>Pravovremenim o\u0161trenjem alata odr\u017eava se njegova radna sposobnost i produ\u017eava vijek trajanja.<\/p>\n\n\n\n<p>Na\u0161e servisne usluge obuhvataju o\u0161trenje HM i HSS kru\u017enih \u017eaga, glodala, no\u017eeva, burgija. Tako\u0111er izmjena polomljenih vidija i HSS zuba tj. reparacija alata je na\u0161a redovna operacija.<\/p>\n\n\n\n<p>Profilisanje izmjenjivih plo\u010dica, pro\u0161irenje unutra\u0161njeg pre\u010dnika \u017eage su samo neke od dodatnih usluga koje Vam mo\u017eemo obezbijediti. Vrhunski kvalitet na\u0161ih servisnih usluga obezbje\u0111ujemo kroz stalnu edukaciju kadrova, pra\u0107enje svjetskih trendova u ovoj oblasti, primjenom i kori\u0161tenjem najsavremenijih tehnologija i materijala, radu na CNC ma\u0161inama i vi\u0161estrukoj kontroli kvaliteta.<\/p>\n","protected":false},"excerpt":{"rendered":"<p>Servis za odr\u017eavanje i popravak reznih alata sastavni je dio djelatnosti PROCEDO d. o. o. Sarajevo. Servisni odjel pored odr\u017eavanja alata PROCEDO proizvodnje jednako uspje\u0161no vr\u0161i servisiranje alata drugih proizvo\u0111a\u010da kao i alata za obradu PVC i aluminija. Visoka kvaliteta svih usluga garancija je dugom zadovoljstvu korisnika. Pravilno odr\u017eavanje alata, [&hellip;]<\/p>\n","protected":false},"author":1,"featured_media":0,"parent":0,"menu_order":0,"comment_status":"closed","ping_status":"closed","template":"","meta":{"footnotes":""},"class_list":["post-88","page","type-page","status-publish","hentry"],"_links":{"self":[{"href":"https:\/\/procedo.ba\/index.php?rest_route=\/wp\/v2\/pages\/88","targetHints":{"allow":["GET"]}}],"collection":[{"href":"https:\/\/procedo.ba\/index.php?rest_route=\/wp\/v2\/pages"}],"about":[{"href":"https:\/\/procedo.ba\/index.php?rest_route=\/wp\/v2\/types\/page"}],"author":[{"embeddable":true,"href":"https:\/\/procedo.ba\/index.php?rest_route=\/wp\/v2\/users\/1"}],"replies":[{"embeddable":true,"href":"https:\/\/procedo.ba\/index.php?rest_route=%2Fwp%2Fv2%2Fcomments&post=88"}],"version-history":[{"count":2,"href":"https:\/\/procedo.ba\/index.php?rest_route=\/wp\/v2\/pages\/88\/revisions"}],"predecessor-version":[{"id":115,"href":"https:\/\/procedo.ba\/index.php?rest_route=\/wp\/v2\/pages\/88\/revisions\/115"}],"wp:attachment":[{"href":"https:\/\/procedo.ba\/index.php?rest_route=%2Fwp%2Fv2%2Fmedia&parent=88"}],"curies":[{"name":"wp","href":"https:\/\/api.w.org\/{rel}","templated":true}]}}