{"id":86,"date":"2025-11-18T21:26:33","date_gmt":"2025-11-18T21:26:33","guid":{"rendered":"https:\/\/procedo.ba\/?page_id=86"},"modified":"2025-12-16T19:38:08","modified_gmt":"2025-12-16T19:38:08","slug":"industrijski-nozevi","status":"publish","type":"page","link":"https:\/\/procedo.ba\/?page_id=86","title":{"rendered":"Industrijski no\u017eevi"},"content":{"rendered":"\n<p>PROCEDO nije specijalist samo u oblasti industrijskih no\u017eeva ve\u0107 svojim kupcima nudimo i kompletna rje\u0161enja u vezi ugradnje na\u0161ih no\u017eeva i o\u0161trica u raznim industrijama. Svi no\u017eevi su kaljeni pod kontrolisanim procesima. Koristimo samo najkvalitetnije materijale kako bismo osigurali visoku otpornost na habanje i vrhunski kvalitet rezanja.<\/p>\n\n\n\n<p>Proizvodni program se sastoji iz:<\/p>\n\n\n\n<ul class=\"wp-block-list\">\n<li>no\u017eeva za sjekirostroj<\/li>\n\n\n\n<li>no\u017eeva za sitnjenje<\/li>\n\n\n\n<li>no\u017eeva za kant<\/li>\n<\/ul>\n\n\n\n<p>Uz savremeni ma\u0161inski park i znanje u mogu\u0107nosti smo da proizvodimo standardne no\u017eeve ali i no\u017eeve prema zahtjevu kupca kao i dostavljenoj tehni\u010dkoj dokumentaciji.<\/p>\n","protected":false},"excerpt":{"rendered":"<p>PROCEDO nije specijalist samo u oblasti industrijskih no\u017eeva ve\u0107 svojim kupcima nudimo i kompletna rje\u0161enja u vezi ugradnje na\u0161ih no\u017eeva i o\u0161trica u raznim industrijama. Svi no\u017eevi su kaljeni pod kontrolisanim procesima. Koristimo samo najkvalitetnije materijale kako bismo osigurali visoku otpornost na habanje i vrhunski kvalitet rezanja. Proizvodni program se [&hellip;]<\/p>\n","protected":false},"author":1,"featured_media":0,"parent":0,"menu_order":0,"comment_status":"closed","ping_status":"closed","template":"","meta":{"footnotes":""},"class_list":["post-86","page","type-page","status-publish","hentry"],"_links":{"self":[{"href":"https:\/\/procedo.ba\/index.php?rest_route=\/wp\/v2\/pages\/86","targetHints":{"allow":["GET"]}}],"collection":[{"href":"https:\/\/procedo.ba\/index.php?rest_route=\/wp\/v2\/pages"}],"about":[{"href":"https:\/\/procedo.ba\/index.php?rest_route=\/wp\/v2\/types\/page"}],"author":[{"embeddable":true,"href":"https:\/\/procedo.ba\/index.php?rest_route=\/wp\/v2\/users\/1"}],"replies":[{"embeddable":true,"href":"https:\/\/procedo.ba\/index.php?rest_route=%2Fwp%2Fv2%2Fcomments&post=86"}],"version-history":[{"count":2,"href":"https:\/\/procedo.ba\/index.php?rest_route=\/wp\/v2\/pages\/86\/revisions"}],"predecessor-version":[{"id":111,"href":"https:\/\/procedo.ba\/index.php?rest_route=\/wp\/v2\/pages\/86\/revisions\/111"}],"wp:attachment":[{"href":"https:\/\/procedo.ba\/index.php?rest_route=%2Fwp%2Fv2%2Fmedia&parent=86"}],"curies":[{"name":"wp","href":"https:\/\/api.w.org\/{rel}","templated":true}]}}