{"id":84,"date":"2025-11-18T21:26:03","date_gmt":"2025-11-18T21:26:03","guid":{"rendered":"https:\/\/procedo.ba\/?page_id=84"},"modified":"2025-12-16T19:38:46","modified_gmt":"2025-12-16T19:38:46","slug":"spiralna-glodala-za-drvo","status":"publish","type":"page","link":"https:\/\/procedo.ba\/?page_id=84","title":{"rendered":"Spiralna glodala za drvo"},"content":{"rendered":"\n<p>Kvalitetna obrada drveta podrazumijeva precizan i pouzdan alat koji \u0107e omogu\u0107iti vrhunsku izvedbu. Program proizvodnje spiralnih glodala za drvo se vr\u0161i na najsavremenijim CNC ma\u0161inama uz prvorangirani materijal u skladu sa visokim zahtjevima tr\u017ei\u0161ta.<\/p>\n\n\n\n<p>Program spiralnih glodala obuhvata proizvodnju:<\/p>\n\n\n\n<ul class=\"wp-block-list\">\n<li>Spiralnih glodala \u2013 fina i gruba izvedba<\/li>\n\n\n\n<li>Spiralnih glodala sa kuglom<\/li>\n\n\n\n<li>Gravirnih igli<\/li>\n\n\n\n<li>Upu\u0161ta\u010da<\/li>\n<\/ul>\n\n\n\n<p><\/p>\n","protected":false},"excerpt":{"rendered":"<p>Kvalitetna obrada drveta podrazumijeva precizan i pouzdan alat koji \u0107e omogu\u0107iti vrhunsku izvedbu. Program proizvodnje spiralnih glodala za drvo se vr\u0161i na najsavremenijim CNC ma\u0161inama uz prvorangirani materijal u skladu sa visokim zahtjevima tr\u017ei\u0161ta. Program spiralnih glodala obuhvata proizvodnju:<\/p>\n","protected":false},"author":1,"featured_media":0,"parent":0,"menu_order":0,"comment_status":"closed","ping_status":"closed","template":"","meta":{"footnotes":""},"class_list":["post-84","page","type-page","status-publish","hentry"],"_links":{"self":[{"href":"https:\/\/procedo.ba\/index.php?rest_route=\/wp\/v2\/pages\/84","targetHints":{"allow":["GET"]}}],"collection":[{"href":"https:\/\/procedo.ba\/index.php?rest_route=\/wp\/v2\/pages"}],"about":[{"href":"https:\/\/procedo.ba\/index.php?rest_route=\/wp\/v2\/types\/page"}],"author":[{"embeddable":true,"href":"https:\/\/procedo.ba\/index.php?rest_route=\/wp\/v2\/users\/1"}],"replies":[{"embeddable":true,"href":"https:\/\/procedo.ba\/index.php?rest_route=%2Fwp%2Fv2%2Fcomments&post=84"}],"version-history":[{"count":2,"href":"https:\/\/procedo.ba\/index.php?rest_route=\/wp\/v2\/pages\/84\/revisions"}],"predecessor-version":[{"id":112,"href":"https:\/\/procedo.ba\/index.php?rest_route=\/wp\/v2\/pages\/84\/revisions\/112"}],"wp:attachment":[{"href":"https:\/\/procedo.ba\/index.php?rest_route=%2Fwp%2Fv2%2Fmedia&parent=84"}],"curies":[{"name":"wp","href":"https:\/\/api.w.org\/{rel}","templated":true}]}}