{"id":82,"date":"2025-11-18T21:25:41","date_gmt":"2025-11-18T21:25:41","guid":{"rendered":"https:\/\/procedo.ba\/?page_id=82"},"modified":"2025-12-16T19:39:12","modified_gmt":"2025-12-16T19:39:12","slug":"glodala","status":"publish","type":"page","link":"https:\/\/procedo.ba\/?page_id=82","title":{"rendered":"Glodala"},"content":{"rendered":"\n<p>Odjel na\u0161e firme za izradu glodala sastoji se iz tri cjeline: konstrukcioni odjel, proizvodnja te zavr\u0161na kontrola.<\/p>\n\n\n\n<p>Konstrukcioni odjel se bavi konstrukcijom alata na osnovu crte\u017ea ili uzorka od strane kupca.<\/p>\n\n\n\n<p>Proizvodnja opremljena najmodernijim CNC masinama nastoji konstruisani alat uraditi u \u0161to kra\u0107em roku sa vrhunskim kvalitetom obrade. Na\u0161 ma\u0161inski park posjeduje kompletnu liniju po\u010dev\u0161i od cnc struga, cnc glodalice, cnc brusilice do cnc ure\u0111aja za dinami\u010dko balansiranje alata. Zavr\u0161na kontrola ima zadatak da na najmodernijoj cnc pogonjenoj opremi izvr\u0161i kontrolu alata uz mjerni protokol.<\/p>\n\n\n\n<p>U mogu\u0107nosti smo da Vam ponudimo sljede\u0107a PROCEDO glodala:<\/p>\n\n\n\n<ul class=\"wp-block-list\">\n<li>glodala za cink spoj<\/li>\n\n\n\n<li>profilna glodala<\/li>\n\n\n\n<li>glodala za CNC ma\u0161ine<\/li>\n<\/ul>\n\n\n\n<p>Sav na\u0161 alat posjeduje povr\u0161insku za\u0161titu od korozije kao i laserski izgravirane sve potrebne oznake.<\/p>\n\n\n\n<p>Glodala radimo u dvije izvedbe i to od hss-a (brzoreznog \u010delika) i tvrdog metala (vidije). Oba materijala uvozimo od vode\u0107ih svjetskih proizvo\u0111a\u010da sa svim atestima.<\/p>\n\n\n\n<p>Osim pojedina\u010dne izrade glodala sklapanje garniture glodala prema uobi\u010dajenim dimenzijama i konstrukciji ali i prema posebnim potrebama kupaca je na\u0161a praksa. Ponuda obuhvata garniture glodala za obradu drveta (mekog i tvrdog), aluminija i plastike.<\/p>\n","protected":false},"excerpt":{"rendered":"<p>Odjel na\u0161e firme za izradu glodala sastoji se iz tri cjeline: konstrukcioni odjel, proizvodnja te zavr\u0161na kontrola. Konstrukcioni odjel se bavi konstrukcijom alata na osnovu crte\u017ea ili uzorka od strane kupca. Proizvodnja opremljena najmodernijim CNC masinama nastoji konstruisani alat uraditi u \u0161to kra\u0107em roku sa vrhunskim kvalitetom obrade. Na\u0161 ma\u0161inski [&hellip;]<\/p>\n","protected":false},"author":1,"featured_media":0,"parent":0,"menu_order":0,"comment_status":"closed","ping_status":"closed","template":"","meta":{"footnotes":""},"class_list":["post-82","page","type-page","status-publish","hentry"],"_links":{"self":[{"href":"https:\/\/procedo.ba\/index.php?rest_route=\/wp\/v2\/pages\/82","targetHints":{"allow":["GET"]}}],"collection":[{"href":"https:\/\/procedo.ba\/index.php?rest_route=\/wp\/v2\/pages"}],"about":[{"href":"https:\/\/procedo.ba\/index.php?rest_route=\/wp\/v2\/types\/page"}],"author":[{"embeddable":true,"href":"https:\/\/procedo.ba\/index.php?rest_route=\/wp\/v2\/users\/1"}],"replies":[{"embeddable":true,"href":"https:\/\/procedo.ba\/index.php?rest_route=%2Fwp%2Fv2%2Fcomments&post=82"}],"version-history":[{"count":2,"href":"https:\/\/procedo.ba\/index.php?rest_route=\/wp\/v2\/pages\/82\/revisions"}],"predecessor-version":[{"id":113,"href":"https:\/\/procedo.ba\/index.php?rest_route=\/wp\/v2\/pages\/82\/revisions\/113"}],"wp:attachment":[{"href":"https:\/\/procedo.ba\/index.php?rest_route=%2Fwp%2Fv2%2Fmedia&parent=82"}],"curies":[{"name":"wp","href":"https:\/\/api.w.org\/{rel}","templated":true}]}}