{"id":80,"date":"2025-11-18T21:25:03","date_gmt":"2025-11-18T21:25:03","guid":{"rendered":"https:\/\/procedo.ba\/?page_id=80"},"modified":"2025-12-16T19:40:12","modified_gmt":"2025-12-16T19:40:12","slug":"kruzne-zage","status":"publish","type":"page","link":"https:\/\/procedo.ba\/?page_id=80","title":{"rendered":"Kru\u017ene \u017eage"},"content":{"rendered":"\n<p>PROCEDO je drugo ime za kru\u017enu \u017eagu. Ova oblast je podru\u010dje na\u0161e specijalizacije gdje imamo zadatak proizvesti HM i HSS kru\u017ene \u017eage za visokokvalitetnu i preciznu obradu materijala.<\/p>\n\n\n\n<p>Poznata imena drvoprera\u0111iva\u010da bh. industrije ali i regiona su ukazala povjerenje i odabrala upravo PROCEDO za svog dobavlja\u010da alata.<\/p>\n\n\n\n<p>Dozvolite nam da Vam pomognemo i obezbijedimo ba\u0161 tu \u017eagu koja Vam je potrebna uz pristupa\u010dne cijene i pouzdan rok isporuke.<\/p>\n\n\n\n<p>Proizvodni program podrazumijeva \u017eage standardnih dimenzija i to:<\/p>\n\n\n\n<ul class=\"wp-block-list\">\n<li>\u017eage i predreza\u010de ( jednodijelni i slo\u017eivi) za iveral kao i duplovit<\/li>\n\n\n\n<li>za uzdu\u017eno rezanje drveta<\/li>\n\n\n\n<li>za popre\u010dno rezanje drveta<\/li>\n\n\n\n<li>univerzalne kru\u017ene \u017eage<\/li>\n\n\n\n<li>za ru\u010dne ma\u0161ine<\/li>\n\n\n\n<li>za drobilice<\/li>\n\n\n\n<li>za Al\/PVC<\/li>\n<\/ul>\n\n\n\n<p>Pored standardnih dimenzija vr\u0161imo proizvodnju kru\u017enih \u017eaga prema posebnim zahtjevima kupca, crte\u017eima i uzorcima, bez obzira na vanjski pre\u010dnik, \u0161irinu reza, broj zuba, oblik zuba i kvalitet vidije.<\/p>\n","protected":false},"excerpt":{"rendered":"<p>PROCEDO je drugo ime za kru\u017enu \u017eagu. Ova oblast je podru\u010dje na\u0161e specijalizacije gdje imamo zadatak proizvesti HM i HSS kru\u017ene \u017eage za visokokvalitetnu i preciznu obradu materijala. Poznata imena drvoprera\u0111iva\u010da bh. industrije ali i regiona su ukazala povjerenje i odabrala upravo PROCEDO za svog dobavlja\u010da alata. Dozvolite nam da [&hellip;]<\/p>\n","protected":false},"author":1,"featured_media":0,"parent":0,"menu_order":0,"comment_status":"closed","ping_status":"closed","template":"","meta":{"footnotes":""},"class_list":["post-80","page","type-page","status-publish","hentry"],"_links":{"self":[{"href":"https:\/\/procedo.ba\/index.php?rest_route=\/wp\/v2\/pages\/80","targetHints":{"allow":["GET"]}}],"collection":[{"href":"https:\/\/procedo.ba\/index.php?rest_route=\/wp\/v2\/pages"}],"about":[{"href":"https:\/\/procedo.ba\/index.php?rest_route=\/wp\/v2\/types\/page"}],"author":[{"embeddable":true,"href":"https:\/\/procedo.ba\/index.php?rest_route=\/wp\/v2\/users\/1"}],"replies":[{"embeddable":true,"href":"https:\/\/procedo.ba\/index.php?rest_route=%2Fwp%2Fv2%2Fcomments&post=80"}],"version-history":[{"count":2,"href":"https:\/\/procedo.ba\/index.php?rest_route=\/wp\/v2\/pages\/80\/revisions"}],"predecessor-version":[{"id":114,"href":"https:\/\/procedo.ba\/index.php?rest_route=\/wp\/v2\/pages\/80\/revisions\/114"}],"wp:attachment":[{"href":"https:\/\/procedo.ba\/index.php?rest_route=%2Fwp%2Fv2%2Fmedia&parent=80"}],"curies":[{"name":"wp","href":"https:\/\/api.w.org\/{rel}","templated":true}]}}