{"id":41,"date":"2025-09-24T19:42:17","date_gmt":"2025-09-24T19:42:17","guid":{"rendered":"https:\/\/procedo.ba\/?page_id=41"},"modified":"2025-09-24T19:42:49","modified_gmt":"2025-09-24T19:42:49","slug":"o-nama","status":"publish","type":"page","link":"https:\/\/procedo.ba\/?page_id=41","title":{"rendered":"O NAMA"},"content":{"rendered":"\n<div class=\"wp-block-group alignfull is-style-section-2\" style=\"margin-top:0;margin-bottom:0;padding-top:var(--wp--preset--spacing--60);padding-bottom:var(--wp--preset--spacing--60)\"><div class=\"wp-block-group__inner-container is-layout-constrained wp-block-group-is-layout-constrained\">\n<div class=\"wp-block-columns alignwide is-layout-flex wp-container-core-columns-is-layout-643ced6b wp-block-columns-is-layout-flex\">\n<div class=\"wp-block-column is-layout-flow wp-block-column-is-layout-flow\" style=\"flex-basis:40%\">\n<figure class=\"wp-block-image size-large\"><img decoding=\"async\" src=\"https:\/\/procedo.ba\/wp-content\/uploads\/2025\/09\/20230122_171514-1024x768.jpg\" alt=\"\" class=\"wp-image-16\"\/><\/figure>\n<\/div>\n\n\n\n<div class=\"wp-block-column is-vertically-aligned-center is-layout-flow wp-container-core-column-is-layout-119bc444 wp-block-column-is-layout-flow\" style=\"flex-basis:60%\">\n<h2 class=\"wp-block-heading has-xx-large-font-size\">PROCEDO d.o.o. Sarajevo \u2013 Va\u0161 pouzdan partner za rezne alate!<\/h2>\n\n\n\n<p>Na\u0161a pri\u010da po\u010dinje 1997. godine kada smo odlu\u010dili da dugogodi\u0161njim iskustvom malog tima ljudi u okviru preduze\u0107a \u201eProcedo\u201c d. o. o. Sarajevo budemo dio pokreta\u010dke snage za bosanskohercegova\u010dku privredu koja \u0107e omogu\u0107iti njen razvoj i stvaranje novih radnih mjesta.<\/p>\n\n\n\n<p>\u017delja i strast u izradi alata za drvo, jer je upravo to \u0161to mi znamo najbolje da radimo, su nakon samo godinu dana omogu\u0107ili uspostavljanje proizvodnje prvih vidija kru\u017enih \u017eaga u Bosni i Hercegovini.<\/p>\n\n\n\n<p>Godine iskustva i truda, usavr\u0161avanja stru\u010dnog osoblja te modernizovanja ma\u0161inskog parka dovele su nas do cilja: proizvodnja kvalitetnih doma\u0107ih vidija kru\u017enih \u017eaga u standardnim dimenzijama, ali i prema specifi\u010dnim zahtjevima kupca, za sve namjene obrade u drvnoj industriji uz pristupa\u010dnu cijenu i pouzdan rok isporuke.<\/p>\n\n\n\n<p>U tom pogledu PROCEDO je u bh. drvnoj industriji poznato ime za dugotrajan i pouzdan proizvod.<\/p>\n\n\n\n<p>Plasman proizvoda van granica na\u0161e dr\u017eave nam je pro\u0161irio vidike i donio potvrdu zadovoljstva sa PROCEDO vidija kru\u017enim \u017eagama uz redovne narud\u017ebe stranih kupaca sa tr\u017ei\u0161ta Hrvatske, Slovenije, Srbije, Crne Gore, Austrije i Njema\u010dke.<\/p>\n<\/div>\n<\/div>\n<\/div><\/div>\n\n\n\n<div class=\"wp-block-group alignfull is-style-section-5\" style=\"margin-top:0;margin-bottom:0;padding-top:var(--wp--preset--spacing--50);padding-bottom:var(--wp--preset--spacing--50)\"><div class=\"wp-block-group__inner-container is-layout-constrained wp-block-group-is-layout-constrained\">\n<div class=\"wp-block-columns alignwide is-layout-flex wp-container-core-columns-is-layout-7ee84d44 wp-block-columns-is-layout-flex\">\n<div class=\"wp-block-column is-vertically-aligned-center is-layout-flow wp-block-column-is-layout-flow\" style=\"flex-basis:50%\">\n<p class=\"has-medium-font-size\">PROCEDO je sinonim za kontinuirano napredovanje (lat. procedo \u2013 i\u0107i naprijed, napredovati) a mi smo investiranjem u opremu i kontinuiranim usavr\u0161avanjem znanja na\u0161ih uposlenika izvr\u0161ili pro\u0161irenje i unaprije\u0111enje redovnog proizvodnog programa te danas, pored kru\u017enih \u017eaga, vr\u0161imo proizvodnju i raznih vrsta glodala za drvo, aluminija i PVC. Tako\u0111er, ostali prate\u0107i dodaci poput distancera, piksni, \u010daura i drugog su dio na\u0161e proizvodnje.<\/p>\n\n\n\n<p class=\"has-medium-font-size\">Ekonomi\u010dnost i maksimalan stepen iskoristivosti alata je neophodan u svakom radu \u0161to smo prepoznali te obezbjedili servis alata na\u0161im partnerima u vidu o\u0161trenja i reparacije vidija kru\u017enih \u017eaga, glodala, burgija, no\u017eeva i ostalog alata. Visoko obrazovani menad\u017ement, stru\u010dno obu\u010deni i visokokvalifikovani radnici u proizvodnji sa CNC ma\u0161inama najsavremenijih tehni\u010dkih dostignu\u0107a, uz stalno pra\u0107enje noviteta i redovnu edukaciju garancija su kvaliteta svih na\u0161ih proizvoda jer je PROCEDO Va\u0161 pouzdan partner!<\/p>\n<\/div>\n\n\n\n<div class=\"wp-block-column is-vertically-aligned-center is-layout-flow wp-block-column-is-layout-flow\" style=\"flex-basis:50%\">\n<figure class=\"wp-block-image size-full\"><img loading=\"lazy\" decoding=\"async\" width=\"1800\" height=\"800\" src=\"https:\/\/procedo.ba\/wp-content\/uploads\/2025\/09\/Procedo-naslovna-2.jpg\" alt=\"\" class=\"wp-image-19\" style=\"aspect-ratio:1;object-fit:cover\" srcset=\"https:\/\/procedo.ba\/wp-content\/uploads\/2025\/09\/Procedo-naslovna-2.jpg 1800w, https:\/\/procedo.ba\/wp-content\/uploads\/2025\/09\/Procedo-naslovna-2-300x133.jpg 300w, https:\/\/procedo.ba\/wp-content\/uploads\/2025\/09\/Procedo-naslovna-2-1024x455.jpg 1024w, https:\/\/procedo.ba\/wp-content\/uploads\/2025\/09\/Procedo-naslovna-2-768x341.jpg 768w, https:\/\/procedo.ba\/wp-content\/uploads\/2025\/09\/Procedo-naslovna-2-1536x683.jpg 1536w\" sizes=\"auto, (max-width: 1800px) 100vw, 1800px\" \/><\/figure>\n<\/div>\n<\/div>\n<\/div><\/div>\n\n\n\n<div class=\"wp-block-group alignfull\" style=\"margin-top:0;margin-bottom:0;padding-top:var(--wp--preset--spacing--50);padding-bottom:var(--wp--preset--spacing--50)\"><div class=\"wp-block-group__inner-container is-layout-constrained wp-container-core-group-is-layout-ebee8dc1 wp-block-group-is-layout-constrained\">\n<p><\/p>\n<\/div><\/div>\n","protected":false},"excerpt":{"rendered":"<p>PROCEDO d.o.o. Sarajevo \u2013 Va\u0161 pouzdan partner za rezne alate! Na\u0161a pri\u010da po\u010dinje 1997. godine kada smo odlu\u010dili da dugogodi\u0161njim iskustvom malog tima ljudi u okviru preduze\u0107a \u201eProcedo\u201c d. o. o. Sarajevo budemo dio pokreta\u010dke snage za bosanskohercegova\u010dku privredu koja \u0107e omogu\u0107iti njen razvoj i stvaranje novih radnih mjesta. \u017delja [&hellip;]<\/p>\n","protected":false},"author":1,"featured_media":0,"parent":0,"menu_order":0,"comment_status":"closed","ping_status":"closed","template":"","meta":{"footnotes":""},"class_list":["post-41","page","type-page","status-publish","hentry"],"_links":{"self":[{"href":"https:\/\/procedo.ba\/index.php?rest_route=\/wp\/v2\/pages\/41","targetHints":{"allow":["GET"]}}],"collection":[{"href":"https:\/\/procedo.ba\/index.php?rest_route=\/wp\/v2\/pages"}],"about":[{"href":"https:\/\/procedo.ba\/index.php?rest_route=\/wp\/v2\/types\/page"}],"author":[{"embeddable":true,"href":"https:\/\/procedo.ba\/index.php?rest_route=\/wp\/v2\/users\/1"}],"replies":[{"embeddable":true,"href":"https:\/\/procedo.ba\/index.php?rest_route=%2Fwp%2Fv2%2Fcomments&post=41"}],"version-history":[{"count":3,"href":"https:\/\/procedo.ba\/index.php?rest_route=\/wp\/v2\/pages\/41\/revisions"}],"predecessor-version":[{"id":44,"href":"https:\/\/procedo.ba\/index.php?rest_route=\/wp\/v2\/pages\/41\/revisions\/44"}],"wp:attachment":[{"href":"https:\/\/procedo.ba\/index.php?rest_route=%2Fwp%2Fv2%2Fmedia&parent=41"}],"curies":[{"name":"wp","href":"https:\/\/api.w.org\/{rel}","templated":true}]}}